{"id":1972,"date":"2016-12-02T18:55:26","date_gmt":"2016-12-02T18:55:26","guid":{"rendered":"http:\/\/cms.sv-karlsdorf.de\/?page_id=1972"},"modified":"2025-08-08T22:33:57","modified_gmt":"2025-08-08T20:33:57","slug":"gaststaette","status":"publish","type":"page","link":"https:\/\/www.sv-karlsdorf.de\/?page_id=1972","title":{"rendered":"Gastst\u00e4tte Taverna &#8211; im Sch\u00fctzenhaus"},"content":{"rendered":"\n<p>Ihre <strong><em>Taverna<\/em> im Sch\u00fctzenhaus<\/strong> wartet mit einer gelungenen Einrichtung und R\u00e4umlichkeiten auf seine G\u00e4ste. Ob im Lokal oder in unserem freundlichen Biergarten, haben wir nun f\u00fcr jede Jahreszeit den passenden Platz f\u00fcr Sie reserviert. Essen gehen mit Freunden und der Familie, oder einfach im Biergarten unter freiem Himmel ein k\u00fchles Getr\u00e4nk als Erfrischung genie\u00dfen. V\u00f6llig egal aus welchem Anlass Sie zu uns kommen.<\/p>\n\n\n\n<p><strong>Wir freuen uns auf Sie!<\/strong><\/p>\n\n\n\n<h3 class=\"wp-block-heading\"><strong><span style=\"color: #000000;\">\u00d6ffnungszeiten:<\/span><span style=\"color: #ff0000;\">&nbsp;<\/span><\/strong><\/h3>\n\n\n\n<figure class=\"wp-block-table is-style-regular\" style=\"font-style:normal;font-weight:600\"><table><tbody><tr><td>Montag &#8211; Samstag:<\/td><td>15.00 Uhr -22.00 Uhr<\/td><\/tr><tr><td>Sonn- und Feiertags:<\/td><td>\n<p>12.00 Uhr &#8211; 21.00 Uhr<br>12.00 Uhr &#8211; 14.30 Uhr &amp; 16.00 Uhr &#8211; 20.00 Uhr: Warme K\u00fcche<\/p>\n<\/td><\/tr><tr><td>Sonntags:<\/td><td>Fr\u00fchschoppen: 10.30 Uhr<\/td><\/tr><tr><td>Mittwochs:<\/td><td>Ruhetag<\/td><\/tr><tr><td colspan=\"2\"><span style=\"font-size: 10pt;\">Wir bitten um Beachtung: Dies sind die <strong>\u00d6ffnungszeiten der Gastst\u00e4tte<\/strong>, nicht der Schie\u00dfst\u00e4nde!<\/span><\/td><\/tr><\/tbody><\/table><\/figure>\n\n\n\n<figure class=\"wp-block-gallery has-nested-images columns-default is-cropped wp-block-gallery-1 is-layout-flex wp-block-gallery-is-layout-flex\">\n<figure class=\"wp-block-image size-large\"><img loading=\"lazy\" decoding=\"async\" width=\"1024\" height=\"768\" data-id=\"4556\" src=\"https:\/\/www.sv-karlsdorf.de\/wp-content\/uploads\/2025\/08\/taverna02-1-1024x768.jpg\" alt=\"\" class=\"wp-image-4556\" srcset=\"https:\/\/www.sv-karlsdorf.de\/wp-content\/uploads\/2025\/08\/taverna02-1-1024x768.jpg 1024w, https:\/\/www.sv-karlsdorf.de\/wp-content\/uploads\/2025\/08\/taverna02-1-300x225.jpg 300w, https:\/\/www.sv-karlsdorf.de\/wp-content\/uploads\/2025\/08\/taverna02-1-768x576.jpg 768w, https:\/\/www.sv-karlsdorf.de\/wp-content\/uploads\/2025\/08\/taverna02-1-1536x1152.jpg 1536w, https:\/\/www.sv-karlsdorf.de\/wp-content\/uploads\/2025\/08\/taverna02-1.jpg 1600w\" sizes=\"auto, (max-width: 1024px) 100vw, 1024px\" \/><\/figure>\n<\/figure>\n\n\n\n<figure class=\"wp-block-gallery has-nested-images columns-default is-cropped wp-block-gallery-2 is-layout-flex wp-block-gallery-is-layout-flex\">\n<figure class=\"wp-block-image size-large\"><img loading=\"lazy\" decoding=\"async\" width=\"1024\" height=\"768\" data-id=\"4555\" src=\"https:\/\/www.sv-karlsdorf.de\/wp-content\/uploads\/2025\/08\/taverna01-1-1024x768.jpg\" alt=\"\" class=\"wp-image-4555\" srcset=\"https:\/\/www.sv-karlsdorf.de\/wp-content\/uploads\/2025\/08\/taverna01-1-1024x768.jpg 1024w, https:\/\/www.sv-karlsdorf.de\/wp-content\/uploads\/2025\/08\/taverna01-1-300x225.jpg 300w, https:\/\/www.sv-karlsdorf.de\/wp-content\/uploads\/2025\/08\/taverna01-1-768x576.jpg 768w, https:\/\/www.sv-karlsdorf.de\/wp-content\/uploads\/2025\/08\/taverna01-1-1536x1152.jpg 1536w, https:\/\/www.sv-karlsdorf.de\/wp-content\/uploads\/2025\/08\/taverna01-1.jpg 1600w\" sizes=\"auto, (max-width: 1024px) 100vw, 1024px\" \/><\/figure>\n\n\n\n<figure class=\"wp-block-image size-large\"><img loading=\"lazy\" decoding=\"async\" width=\"1024\" height=\"768\" data-id=\"4554\" src=\"https:\/\/www.sv-karlsdorf.de\/wp-content\/uploads\/2025\/08\/taverna-separee-2-1024x768.jpg\" alt=\"\" class=\"wp-image-4554\" srcset=\"https:\/\/www.sv-karlsdorf.de\/wp-content\/uploads\/2025\/08\/taverna-separee-2-1024x768.jpg 1024w, https:\/\/www.sv-karlsdorf.de\/wp-content\/uploads\/2025\/08\/taverna-separee-2-300x225.jpg 300w, https:\/\/www.sv-karlsdorf.de\/wp-content\/uploads\/2025\/08\/taverna-separee-2-768x576.jpg 768w, https:\/\/www.sv-karlsdorf.de\/wp-content\/uploads\/2025\/08\/taverna-separee-2-1536x1152.jpg 1536w, https:\/\/www.sv-karlsdorf.de\/wp-content\/uploads\/2025\/08\/taverna-separee-2.jpg 1600w\" sizes=\"auto, (max-width: 1024px) 100vw, 1024px\" \/><\/figure>\n<\/figure>\n\n\n<a href=\"https:\/\/www.sv-karlsdorf.de\/wp-content\/uploads\/2025\/08\/restaurant-finito.pdf\" class=\"pdfemb-viewer\" style=\"\" data-width=\"max\" data-height=\"max\" data-toolbar=\"bottom\" data-toolbar-fixed=\"off\">restaurant-finito<\/a>\n\n\n<figure class=\"wp-block-gallery has-nested-images columns-default is-cropped wp-block-gallery-3 is-layout-flex wp-block-gallery-is-layout-flex\">\n<figure class=\"wp-block-image size-large\"><img loading=\"lazy\" decoding=\"async\" width=\"1024\" height=\"768\" data-id=\"4566\" src=\"https:\/\/www.sv-karlsdorf.de\/wp-content\/uploads\/2025\/08\/1000024710-1024x768.jpg\" alt=\"\" class=\"wp-image-4566\" srcset=\"https:\/\/www.sv-karlsdorf.de\/wp-content\/uploads\/2025\/08\/1000024710-1024x768.jpg 1024w, https:\/\/www.sv-karlsdorf.de\/wp-content\/uploads\/2025\/08\/1000024710-300x225.jpg 300w, https:\/\/www.sv-karlsdorf.de\/wp-content\/uploads\/2025\/08\/1000024710-768x576.jpg 768w, https:\/\/www.sv-karlsdorf.de\/wp-content\/uploads\/2025\/08\/1000024710-1536x1152.jpg 1536w, https:\/\/www.sv-karlsdorf.de\/wp-content\/uploads\/2025\/08\/1000024710.jpg 1600w\" sizes=\"auto, (max-width: 1024px) 100vw, 1024px\" \/><\/figure>\n\n\n\n<figure class=\"wp-block-image size-large\"><img loading=\"lazy\" decoding=\"async\" width=\"1024\" height=\"768\" data-id=\"4567\" src=\"https:\/\/www.sv-karlsdorf.de\/wp-content\/uploads\/2025\/08\/1000024713-1024x768.jpg\" alt=\"\" class=\"wp-image-4567\" srcset=\"https:\/\/www.sv-karlsdorf.de\/wp-content\/uploads\/2025\/08\/1000024713-1024x768.jpg 1024w, https:\/\/www.sv-karlsdorf.de\/wp-content\/uploads\/2025\/08\/1000024713-300x225.jpg 300w, https:\/\/www.sv-karlsdorf.de\/wp-content\/uploads\/2025\/08\/1000024713-768x576.jpg 768w, https:\/\/www.sv-karlsdorf.de\/wp-content\/uploads\/2025\/08\/1000024713-1536x1152.jpg 1536w, https:\/\/www.sv-karlsdorf.de\/wp-content\/uploads\/2025\/08\/1000024713.jpg 1600w\" sizes=\"auto, (max-width: 1024px) 100vw, 1024px\" \/><\/figure>\n<\/figure>\n","protected":false},"excerpt":{"rendered":"<p>Ihre Taverna im Sch\u00fctzenhaus wartet mit einer gelungenen Einrichtung und R\u00e4umlichkeiten auf seine G\u00e4ste. Ob im Lokal oder in unserem freundlichen Biergarten, haben wir nun f\u00fcr jede Jahreszeit den passenden Platz f\u00fcr Sie reserviert. Essen gehen mit Freunden und der Familie, oder einfach im Biergarten unter freiem Himmel ein k\u00fchles Getr\u00e4nk als Erfrischung genie\u00dfen. V\u00f6llig egal aus welchem Anlass Sie<\/p>\n","protected":false},"author":5,"featured_media":0,"parent":0,"menu_order":0,"comment_status":"closed","ping_status":"closed","template":"","meta":{"footnotes":""},"class_list":["post-1972","page","type-page","status-publish","hentry"],"_links":{"self":[{"href":"https:\/\/www.sv-karlsdorf.de\/index.php?rest_route=\/wp\/v2\/pages\/1972","targetHints":{"allow":["GET"]}}],"collection":[{"href":"https:\/\/www.sv-karlsdorf.de\/index.php?rest_route=\/wp\/v2\/pages"}],"about":[{"href":"https:\/\/www.sv-karlsdorf.de\/index.php?rest_route=\/wp\/v2\/types\/page"}],"author":[{"embeddable":true,"href":"https:\/\/www.sv-karlsdorf.de\/index.php?rest_route=\/wp\/v2\/users\/5"}],"replies":[{"embeddable":true,"href":"https:\/\/www.sv-karlsdorf.de\/index.php?rest_route=%2Fwp%2Fv2%2Fcomments&post=1972"}],"version-history":[{"count":56,"href":"https:\/\/www.sv-karlsdorf.de\/index.php?rest_route=\/wp\/v2\/pages\/1972\/revisions"}],"predecessor-version":[{"id":4568,"href":"https:\/\/www.sv-karlsdorf.de\/index.php?rest_route=\/wp\/v2\/pages\/1972\/revisions\/4568"}],"wp:attachment":[{"href":"https:\/\/www.sv-karlsdorf.de\/index.php?rest_route=%2Fwp%2Fv2%2Fmedia&parent=1972"}],"curies":[{"name":"wp","href":"https:\/\/api.w.org\/{rel}","templated":true}]}}