{"id":1976,"date":"2016-12-02T18:57:59","date_gmt":"2016-12-02T18:57:59","guid":{"rendered":"http:\/\/cms.sv-karlsdorf.de\/?page_id=1976"},"modified":"2021-07-03T16:07:03","modified_gmt":"2021-07-03T14:07:03","slug":"ergebnisse-3","status":"publish","type":"page","link":"https:\/\/www.sv-karlsdorf.de\/?page_id=1976","title":{"rendered":"Ergebnisse"},"content":{"rendered":"<p style=\"text-align: justify;\">In dieser Kategorie erwartet Sie eine spannende \u00dcbersicht \u00fcber alle erbrachten Leistungen unserer aktiven Sch\u00fctzen. Alle Meisterschaften sind, unterteilt in DSB und BDS Disziplinen, verf\u00fcgbar. Au\u00dferdem werden die jeweils aktuellen Ergebnisse unserer Mannschaften in den Ligawettk\u00e4mpfen gepflegt. Au\u00dferdem werden hier Ergebnisse unserer vereinsseigenen Turniere ver\u00f6ffentlicht.<\/p>\n<p style=\"text-align: justify;\">\n","protected":false},"excerpt":{"rendered":"<p>In dieser Kategorie erwartet Sie eine spannende \u00dcbersicht \u00fcber alle erbrachten Leistungen unserer aktiven Sch\u00fctzen. Alle Meisterschaften sind, unterteilt in DSB und BDS Disziplinen, verf\u00fcgbar. Au\u00dferdem werden die jeweils aktuellen Ergebnisse unserer Mannschaften in den Ligawettk\u00e4mpfen gepflegt. Au\u00dferdem werden hier Ergebnisse unserer vereinsseigenen Turniere ver\u00f6ffentlicht.<\/p>\n","protected":false},"author":5,"featured_media":0,"parent":0,"menu_order":0,"comment_status":"closed","ping_status":"closed","template":"","meta":{"footnotes":""},"class_list":["post-1976","page","type-page","status-publish","hentry"],"_links":{"self":[{"href":"https:\/\/www.sv-karlsdorf.de\/index.php?rest_route=\/wp\/v2\/pages\/1976","targetHints":{"allow":["GET"]}}],"collection":[{"href":"https:\/\/www.sv-karlsdorf.de\/index.php?rest_route=\/wp\/v2\/pages"}],"about":[{"href":"https:\/\/www.sv-karlsdorf.de\/index.php?rest_route=\/wp\/v2\/types\/page"}],"author":[{"embeddable":true,"href":"https:\/\/www.sv-karlsdorf.de\/index.php?rest_route=\/wp\/v2\/users\/5"}],"replies":[{"embeddable":true,"href":"https:\/\/www.sv-karlsdorf.de\/index.php?rest_route=%2Fwp%2Fv2%2Fcomments&post=1976"}],"version-history":[{"count":1,"href":"https:\/\/www.sv-karlsdorf.de\/index.php?rest_route=\/wp\/v2\/pages\/1976\/revisions"}],"predecessor-version":[{"id":3943,"href":"https:\/\/www.sv-karlsdorf.de\/index.php?rest_route=\/wp\/v2\/pages\/1976\/revisions\/3943"}],"wp:attachment":[{"href":"https:\/\/www.sv-karlsdorf.de\/index.php?rest_route=%2Fwp%2Fv2%2Fmedia&parent=1976"}],"curies":[{"name":"wp","href":"https:\/\/api.w.org\/{rel}","templated":true}]}}