{"id":1978,"date":"2016-12-02T18:58:37","date_gmt":"2016-12-02T18:58:37","guid":{"rendered":"http:\/\/cms.sv-karlsdorf.de\/?page_id=1978"},"modified":"2025-08-31T19:47:56","modified_gmt":"2025-08-31T17:47:56","slug":"formulare","status":"publish","type":"page","link":"https:\/\/www.sv-karlsdorf.de\/?page_id=1978","title":{"rendered":"Formulare"},"content":{"rendered":"<div class=\"post-entry\">\n<p>Aktuelles Sportliches:<\/p>\n<p style=\"padding-left: 40px;\"><a href=\"https:\/\/www.sv-karlsdorf.de\/wp-content\/uploads\/2025\/08\/Teilnahmeformular-DSB-2026.pdf\">Teilnehme-Erkl\u00e4rung 2026 DSB<\/a><\/p>\n<p>F\u00fcr die Nicht-Mitglieder haben wir selbstverst\u00e4ndlich auch ein Formular, n\u00e4mlich ein<\/p>\n<ul>\n<li><a href=\"https:\/\/www.sv-karlsdorf.de\/wp-content\/uploads\/2025\/03\/Aufnahmeantrag-08-02-2024-Index-01.pdf\">Antragsformular<\/a> (Stand: 02\/2025)<\/li>\n<\/ul>\n<\/div>\n\n\n<p><\/p>\n","protected":false},"excerpt":{"rendered":"<p>Aktuelles Sportliches: Teilnehme-Erkl\u00e4rung 2026 DSB F\u00fcr die Nicht-Mitglieder haben wir selbstverst\u00e4ndlich auch ein Formular, n\u00e4mlich ein Antragsformular (Stand: 02\/2025)<\/p>\n","protected":false},"author":5,"featured_media":0,"parent":0,"menu_order":0,"comment_status":"closed","ping_status":"closed","template":"","meta":{"footnotes":""},"class_list":["post-1978","page","type-page","status-publish","hentry"],"_links":{"self":[{"href":"https:\/\/www.sv-karlsdorf.de\/index.php?rest_route=\/wp\/v2\/pages\/1978","targetHints":{"allow":["GET"]}}],"collection":[{"href":"https:\/\/www.sv-karlsdorf.de\/index.php?rest_route=\/wp\/v2\/pages"}],"about":[{"href":"https:\/\/www.sv-karlsdorf.de\/index.php?rest_route=\/wp\/v2\/types\/page"}],"author":[{"embeddable":true,"href":"https:\/\/www.sv-karlsdorf.de\/index.php?rest_route=\/wp\/v2\/users\/5"}],"replies":[{"embeddable":true,"href":"https:\/\/www.sv-karlsdorf.de\/index.php?rest_route=%2Fwp%2Fv2%2Fcomments&post=1978"}],"version-history":[{"count":19,"href":"https:\/\/www.sv-karlsdorf.de\/index.php?rest_route=\/wp\/v2\/pages\/1978\/revisions"}],"predecessor-version":[{"id":4574,"href":"https:\/\/www.sv-karlsdorf.de\/index.php?rest_route=\/wp\/v2\/pages\/1978\/revisions\/4574"}],"wp:attachment":[{"href":"https:\/\/www.sv-karlsdorf.de\/index.php?rest_route=%2Fwp%2Fv2%2Fmedia&parent=1978"}],"curies":[{"name":"wp","href":"https:\/\/api.w.org\/{rel}","templated":true}]}}