{"id":1995,"date":"2016-12-02T19:17:41","date_gmt":"2016-12-02T19:17:41","guid":{"rendered":"http:\/\/cms.sv-karlsdorf.de\/?page_id=1995"},"modified":"2026-04-14T15:11:42","modified_gmt":"2026-04-14T13:11:42","slug":"neu_standanlagen","status":"publish","type":"page","link":"https:\/\/www.sv-karlsdorf.de\/?page_id=1995","title":{"rendered":"Standanlagen"},"content":{"rendered":"<h2 style=\"text-align: justify;\"><span style=\"color: #000000;\">Der Verein verf\u00fcgt \u00fcber:<\/span><\/h2>\n<p style=\"text-align: justify;\"><span style=\"color: #000000;\">Eine Schie\u00dfhalle f\u00fcr Luftgewehr- und Luftpistolendisziplinen, ausgestattet mit elektronischen Anzeigen und Zuganlagen,<\/span><\/p>\n<p style=\"text-align: justify;\"><span style=\"color: #000000;\">10 St\u00e4nde f\u00fcr Sportpistolen- und Revolverdisziplinen bis 1500 Joule,<\/span><\/p>\n<p style=\"text-align: justify;\"><span style=\"color: #000000;\">8 kombinierte St\u00e4nde f\u00fcr 50m und 100m Disziplinen bis 7000 Joule mit Scheibenzugtechnik und Monitorbeobachtung.\u00a0<\/span><span style=\"color: #000000;\">Diese St\u00e4nde sind f\u00fcr bleifreie Geschosse zugelassen.<\/span><\/p>\n<p style=\"text-align: justify;\">Einen Keiler- und Kipphasenstand (35m)<\/p>\n<h2>\u00d6ffnungszeiten f\u00fcr unsere Gastsch\u00fctzen:<\/h2>\n<p style=\"text-align: justify;\">Unter Aufsicht &#8211; Standgeb\u00fchr ist zu entrichten<\/p>\n<h3 style=\"text-align: justify;\">100m Stand<\/h3>\n<table>\n<tbody>\n<tr>\n<td><strong>Tag<\/strong><\/td>\n<td><strong>Uhrzeit<\/strong><\/td>\n<td><span style=\"font-size: 10pt;\"><strong>Aufsicht<\/strong><\/span><\/td>\n<\/tr>\n<tr>\n<td>Donnerstag<\/td>\n<td>15:00-18:00 Uhr<\/td>\n<td>J\u00fcrgen Meye<\/td>\n<\/tr>\n<\/tbody>\n<\/table>\n<h3 style=\"text-align: justify;\">25m Stand (nur nach <a href=\"mailto:erwin.schmitteckert@alice.de\">Absprache<\/a>)<\/h3>\n<table>\n<tbody>\n<tr>\n<td><\/td>\n<td><\/td>\n<td><span style=\"font-size: 10pt;\"><strong>Aufsicht<\/strong><\/span><\/td>\n<\/tr>\n<tr>\n<td>Donnerstag<\/td>\n<td>18:30-19:30 Uhr<\/td>\n<td>Erwin Schmitteckert<\/td>\n<\/tr>\n<\/tbody>\n<\/table>\n<h2>\u00d6ffnungszeiten f\u00fcr unsere Vereinsmitglieder:<\/h2>\n<p style=\"text-align: justify;\">Mit Standaufsicht-Ausbildung und Zugangsberechtigung<\/p>\n<table>\n<tbody>\n<tr>\n<td>Montag bis Freitag<\/td>\n<td>14:00 &#8211; 20:00 Uhr<\/td>\n<\/tr>\n<tr>\n<td>Samstag<\/td>\n<td>09:00 &#8211; 19:00 Uhr<\/td>\n<\/tr>\n<tr>\n<td>Sonntag<\/td>\n<td>09:00 &#8211; 13:00 Uhr<\/td>\n<\/tr>\n<tr>\n<td><\/td>\n<td><\/td>\n<\/tr>\n<\/tbody>\n<\/table>\n<h3>Ausgenommen ist Gro\u00dfkaliber an den festgelegten Feiertagen<\/h3>\n<table>\n<tbody>\n<tr>\n<td>Neujahr<\/td>\n<td>Gesetzlicher Feiertag<\/td>\n<\/tr>\n<tr>\n<td>Ostermontag<\/td>\n<td>Christlicher Feiertag<\/td>\n<\/tr>\n<tr>\n<td>Tag der Arbeit<\/td>\n<td>Gesetzlicher Feiertag<\/td>\n<\/tr>\n<tr>\n<td>Pfingstmontag<\/td>\n<td>Christlicher Feiertag<\/td>\n<\/tr>\n<tr>\n<td>Tag der Deutschen Einheit<\/td>\n<td>Gesetzlicher Feiertag<\/td>\n<\/tr>\n<tr>\n<td>Reformationstag<\/td>\n<td>Christlicher Feiertag<\/td>\n<\/tr>\n<tr>\n<td>Zweiter Weihnachtsfeiertag<\/td>\n<td>Christlicher Feiertag<\/td>\n<\/tr>\n<\/tbody>\n<\/table>\n<h3>Schie\u00dfst\u00e4nde geschlossen<\/h3>\n<table>\n<tbody>\n<tr>\n<td>Heilige drei K\u00f6nige<\/td>\n<td>Christlicher Feiertag<\/td>\n<\/tr>\n<tr>\n<td>Karfreitag<\/td>\n<td>Christlicher Feiertag<\/td>\n<\/tr>\n<tr>\n<td>Ostersonntag<\/td>\n<td>Christlicher Feiertag<\/td>\n<\/tr>\n<tr>\n<td>Christi Himmelfahrt<\/td>\n<td>Christlicher Feiertag<\/td>\n<\/tr>\n<tr>\n<td>Pfingstsonntag<\/td>\n<td>Christlicher Feiertag<\/td>\n<\/tr>\n<tr>\n<td>Fronleichnam<\/td>\n<td>Christlicher Feiertag<\/td>\n<\/tr>\n<tr>\n<td>Allerheiligen<\/td>\n<td>Christlicher Feiertag<\/td>\n<\/tr>\n<tr>\n<td>Volkstrauertag<\/td>\n<td>Christlicher Feiertag<\/td>\n<\/tr>\n<tr>\n<td>Totensonntag<\/td>\n<td>Stiller Feiertag<\/td>\n<\/tr>\n<tr>\n<td>Heiligabend<\/td>\n<td>Christlicher Feiertag<\/td>\n<\/tr>\n<tr>\n<td>1. Weichnachtsfeiertag<\/td>\n<td>Christlicher Feiertag<\/td>\n<\/tr>\n<\/tbody>\n<\/table>\n","protected":false},"excerpt":{"rendered":"<p>Der Verein verf\u00fcgt \u00fcber: Eine Schie\u00dfhalle f\u00fcr Luftgewehr- und Luftpistolendisziplinen, ausgestattet mit elektronischen Anzeigen und Zuganlagen, 10 St\u00e4nde f\u00fcr Sportpistolen- und Revolverdisziplinen bis 1500 Joule, 8 kombinierte St\u00e4nde f\u00fcr 50m und 100m Disziplinen bis 7000 Joule mit Scheibenzugtechnik und Monitorbeobachtung.\u00a0Diese St\u00e4nde sind f\u00fcr bleifreie Geschosse zugelassen. Einen Keiler- und Kipphasenstand (35m) \u00d6ffnungszeiten f\u00fcr unsere Gastsch\u00fctzen: Unter Aufsicht &#8211; Standgeb\u00fchr ist<\/p>\n","protected":false},"author":5,"featured_media":0,"parent":0,"menu_order":0,"comment_status":"closed","ping_status":"closed","template":"","meta":{"footnotes":""},"class_list":["post-1995","page","type-page","status-publish","hentry"],"_links":{"self":[{"href":"https:\/\/www.sv-karlsdorf.de\/index.php?rest_route=\/wp\/v2\/pages\/1995","targetHints":{"allow":["GET"]}}],"collection":[{"href":"https:\/\/www.sv-karlsdorf.de\/index.php?rest_route=\/wp\/v2\/pages"}],"about":[{"href":"https:\/\/www.sv-karlsdorf.de\/index.php?rest_route=\/wp\/v2\/types\/page"}],"author":[{"embeddable":true,"href":"https:\/\/www.sv-karlsdorf.de\/index.php?rest_route=\/wp\/v2\/users\/5"}],"replies":[{"embeddable":true,"href":"https:\/\/www.sv-karlsdorf.de\/index.php?rest_route=%2Fwp%2Fv2%2Fcomments&post=1995"}],"version-history":[{"count":1,"href":"https:\/\/www.sv-karlsdorf.de\/index.php?rest_route=\/wp\/v2\/pages\/1995\/revisions"}],"predecessor-version":[{"id":4620,"href":"https:\/\/www.sv-karlsdorf.de\/index.php?rest_route=\/wp\/v2\/pages\/1995\/revisions\/4620"}],"wp:attachment":[{"href":"https:\/\/www.sv-karlsdorf.de\/index.php?rest_route=%2Fwp%2Fv2%2Fmedia&parent=1995"}],"curies":[{"name":"wp","href":"https:\/\/api.w.org\/{rel}","templated":true}]}}