{"id":1997,"date":"2016-12-02T19:18:28","date_gmt":"2016-12-02T19:18:28","guid":{"rendered":"http:\/\/cms.sv-karlsdorf.de\/?page_id=1997"},"modified":"2022-03-26T10:17:09","modified_gmt":"2022-03-26T09:17:09","slug":"neu_schuetzenverein_berichte","status":"publish","type":"page","link":"https:\/\/www.sv-karlsdorf.de\/?page_id=1997","title":{"rendered":"Sch\u00fctzenverein Berichte"},"content":{"rendered":"<ul class=\"wp-block-latest-posts__list wp-block-latest-posts\"><li><a class=\"wp-block-latest-posts__post-title\" href=\"https:\/\/www.sv-karlsdorf.de\/?p=4622\">Weitere Erfolge unserer Sch\u00fctzen bei den Kreismeisterschaften 2026<\/a><div class=\"wp-block-latest-posts__post-excerpt\">Die Kreismeisterschaften 2026 sind beendet und unsere Vereinssch\u00fctzen k\u00f6nnen zahlreiche Erfolge verbuchen. Aufgrund der Vielzahl an Disziplinen und Erfolgen, m\u00f6chten wir an dieser Stelle nur die Erstplatzierten namentlich benennen. Zweit- und Drittplatzierte begl\u00fcckw\u00fcnschen wir an dieser Stelle nat\u00fcrlich in gleicher Weise. Nun zu unseren Kreismeistern. J\u00fcrgen Schlindwein KK-Gewehr 100 m und KK 3-Stellung Jochen Lang<\/div><\/li>\n<li><a class=\"wp-block-latest-posts__post-title\" href=\"https:\/\/www.sv-karlsdorf.de\/?p=4591\">Informationen<\/a><div class=\"wp-block-latest-posts__post-excerpt\">An alle Mitglieder:Hier findet ihr die noch einmal die Information zur JHV https:\/\/www.sv-karlsdorf.de\/?page_id=4592 Auf der Rechten Seite findet ihr die PDF zu den Kreismeisterschaftsterminen 2026<\/div><\/li>\n<li><a class=\"wp-block-latest-posts__post-title\" href=\"https:\/\/www.sv-karlsdorf.de\/?p=4577\">Uwe Meier \u2013 2. Deutscher Meister mit dem Ordonnanzgewehr<\/a><div class=\"wp-block-latest-posts__post-excerpt\">Am vergangenen Wochenende wurden die Deutschen Meisterschaften des Deutschen Sch\u00fctzenbundes im Ordonnanzgewehrschie\u00dfen auf dem Olympiast\u00fctzpunkt in Hannover ausgetragen. Von unserem Verein konnte sich bei den vorangegangenen Landesmeisterschaften lediglich Uwe Meier in 2 Disziplinen f\u00fcr diese Deutsche Meisterschaft qualifizieren. Mit der Fahrkarte zur Teilnahme an den Deutschen Meisterschaften begann Uwe sein\u00a0intensives Training auf unserem 100-m-Stand. Mit<\/div><\/li>\n<li><a class=\"wp-block-latest-posts__post-title\" href=\"https:\/\/www.sv-karlsdorf.de\/?p=4570\">Sportjahr 2026<\/a><div class=\"wp-block-latest-posts__post-excerpt\">Hallo zusammen, das Teilnahmeformular f\u00fcr das Jahr 2026 (DSB) ist online. Unter Formulare findet ihr das Dokument zum Download oder klicke hier um es direkt zu \u00f6ffnen<\/div><\/li>\n<li><a class=\"wp-block-latest-posts__post-title\" href=\"https:\/\/www.sv-karlsdorf.de\/?p=4537\">Deutsche Meisterschaften Vorderlader 2025<\/a><div class=\"wp-block-latest-posts__post-excerpt\">Am Samstag, den 19.07.2025, startete Tamara Al-Hazzaa erstmals in der Disziplin Vorderlader Perkussionspistole 25\u202fm, Damenklasse I, bei der Deutschen Meisterschaft. Sie belegte den 15. Platz \u2013 wir gratulieren herzlich!<\/div><\/li>\n<\/ul>","protected":false},"excerpt":{"rendered":"","protected":false},"author":5,"featured_media":0,"parent":0,"menu_order":0,"comment_status":"closed","ping_status":"closed","template":"","meta":{"footnotes":""},"class_list":["post-1997","page","type-page","status-publish","hentry"],"_links":{"self":[{"href":"https:\/\/www.sv-karlsdorf.de\/index.php?rest_route=\/wp\/v2\/pages\/1997","targetHints":{"allow":["GET"]}}],"collection":[{"href":"https:\/\/www.sv-karlsdorf.de\/index.php?rest_route=\/wp\/v2\/pages"}],"about":[{"href":"https:\/\/www.sv-karlsdorf.de\/index.php?rest_route=\/wp\/v2\/types\/page"}],"author":[{"embeddable":true,"href":"https:\/\/www.sv-karlsdorf.de\/index.php?rest_route=\/wp\/v2\/users\/5"}],"replies":[{"embeddable":true,"href":"https:\/\/www.sv-karlsdorf.de\/index.php?rest_route=%2Fwp%2Fv2%2Fcomments&post=1997"}],"version-history":[{"count":3,"href":"https:\/\/www.sv-karlsdorf.de\/index.php?rest_route=\/wp\/v2\/pages\/1997\/revisions"}],"predecessor-version":[{"id":4036,"href":"https:\/\/www.sv-karlsdorf.de\/index.php?rest_route=\/wp\/v2\/pages\/1997\/revisions\/4036"}],"wp:attachment":[{"href":"https:\/\/www.sv-karlsdorf.de\/index.php?rest_route=%2Fwp%2Fv2%2Fmedia&parent=1997"}],"curies":[{"name":"wp","href":"https:\/\/api.w.org\/{rel}","templated":true}]}}