{"id":2004,"date":"2016-12-02T19:25:22","date_gmt":"2016-12-02T19:25:22","guid":{"rendered":"http:\/\/cms.sv-karlsdorf.de\/?page_id=2004"},"modified":"2022-03-26T09:45:19","modified_gmt":"2022-03-26T08:45:19","slug":"neu_jugend_training","status":"publish","type":"page","link":"https:\/\/www.sv-karlsdorf.de\/?page_id=2004","title":{"rendered":"Training"},"content":{"rendered":"<h3><\/h3>\n<h3>Was ist Sportschie\u00dfen?<\/h3>\n<p>Sportliches Schie\u00dfen bedeutet Schie\u00dfen nach bestimmten Regeln. Dabei wird die Waffe &#8211; entgegen ihres milit\u00e4rischen oder jagdlichen Ursprungs &#8211; als reines Sportger\u00e4t verwendet. Ein solches Schie\u00dfen findet unter Aufsicht von ausgebildeten und fachkundigen Personen statt, die sowohl bei Wettk\u00e4mpfen als auch an Trainingstagen anwesend sind.<\/p>\n<p>Immer mehr Jugendliche interessieren sich f\u00fcr diesen Sport.<\/p>\n<h3><u>Wie finde ich heraus, ob auch ich mich f\u00fcr diesen Sport interessiere?<\/u><\/h3>\n<ul>\n<li>Bin ich mindestens 12 Jahre alt?<\/li>\n<\/ul>\n<ul>\n<li>F\u00fchle ich mich in einem Team wohl, behaupte mich aber auch gut als Einzelk\u00e4mpfer?<\/li>\n<\/ul>\n<ul>\n<li>Bin ich auf der Suche nach einer au\u00dfergew\u00f6hnlichen Sportart?<\/li>\n<\/ul>\n<p><strong>Wenn ja, dann schau doch einfach mal bei uns im Training vorbei.<\/strong><\/p>\n<h3>Wann findet das Jugendtraining statt?<\/h3>\n<p>Das Jugendtraining findet jeden Dienstag (zusammen mit den Erwachsenen) und Donnerstag von 18 bis 19:30 Uhr statt.<\/p>\n<p>Aufgrund der aktuellen Corona- Situation ist das Tragen eines Mund-Nasen-Schutzes unumg\u00e4nglich.<\/p>\n<p>Im Folgenden m\u00f6chten wir die verschiedenen Disziplinen vorstellen, die bei uns im Bereich der Jugend trainiert werden k\u00f6nnen:<\/p>\n<h4>Luftdruck<\/h4>\n<p>In diesen Disziplinen werden mit Luftdruckwaffen geschossen. Luftdruckwaffen sind Sportger\u00e4te, die mit Hilfe von Luft schie\u00dfen k\u00f6nnen. Die Munition die hierbei verwendet wird, nennt man Diabolos. Dies sind kleine Kugeln mit einem Durchmesser von 4,5mm. Die Distanz zur Scheibe betr\u00e4gt bei diesen Disziplinen unver\u00e4ndert 10 Meter.<\/p>\n<h5>Die Luftpistole<\/h5>\n<p>Diese bei Olympia vertretene Sportart, ist die Grundbasis aller darauf aufbauenden Pistolendisziplinen und wird bei uns am meisten trainiert.<\/p>\n<ul>\n<li>Mit einer Luftpistole wird auf eine stehende Scheibe einh\u00e4ndig geschossen.<\/li>\n<li>Die Scheibe ist in einzelne Ringe von 1 bis 10 aufgeteilt<\/li>\n<li>Diese ergeben im Sp\u00e4teren eine Gesamtringzahl (das Ergebnis), woran sich die Sportsch\u00fctzen sowohl im Einzelnen, als auch im Team messen k\u00f6nnen.<\/li>\n<\/ul>\n<h5>Die mehrsch\u00fcssige Luftpistole<\/h5>\n<p>Genauso wie die Luftpistole ist diese Disziplin olympisch.<\/p>\n<ul>\n<li>Mit einer mehrsch\u00fcssigen Luftpistole wird auf eine Reihe von 5 Scheiben geschossen.<\/li>\n<li>Hier z\u00e4hlt keine Gesamtringzahl, sondern die Anzahl der getroffen Scheiben.<\/li>\n<li>Die mehrsch\u00fcssige Luftpistole unterscheidet sich von der Luftpistole im wesentlichen nur durch ihr Magazin, welches f\u00fcnf Diabolos umfasst.<\/li>\n<\/ul>\n<h4>Ab 14 Jahren<\/h4>\n<p>Hat der Sch\u00fctze die Basics erlernt und ist mindestens 14 Jahre alt, so darf er dann auch die Kleinkaliberdisziplinen trainieren. \u00a0Jede Kleinkalbierdisziplin, die in der Jugend geschossen wird, ist ebenso olympisch.<\/p>\n","protected":false},"excerpt":{"rendered":"<p>Was ist Sportschie\u00dfen? Sportliches Schie\u00dfen bedeutet Schie\u00dfen nach bestimmten Regeln. Dabei wird die Waffe &#8211; entgegen ihres milit\u00e4rischen oder jagdlichen Ursprungs &#8211; als reines Sportger\u00e4t verwendet. Ein solches Schie\u00dfen findet unter Aufsicht von ausgebildeten und fachkundigen Personen statt, die sowohl bei Wettk\u00e4mpfen als auch an Trainingstagen anwesend sind. Immer mehr Jugendliche interessieren sich f\u00fcr diesen Sport. Wie finde ich heraus,<\/p>\n","protected":false},"author":5,"featured_media":0,"parent":0,"menu_order":0,"comment_status":"closed","ping_status":"closed","template":"","meta":{"footnotes":""},"class_list":["post-2004","page","type-page","status-publish","hentry"],"_links":{"self":[{"href":"https:\/\/www.sv-karlsdorf.de\/index.php?rest_route=\/wp\/v2\/pages\/2004","targetHints":{"allow":["GET"]}}],"collection":[{"href":"https:\/\/www.sv-karlsdorf.de\/index.php?rest_route=\/wp\/v2\/pages"}],"about":[{"href":"https:\/\/www.sv-karlsdorf.de\/index.php?rest_route=\/wp\/v2\/types\/page"}],"author":[{"embeddable":true,"href":"https:\/\/www.sv-karlsdorf.de\/index.php?rest_route=\/wp\/v2\/users\/5"}],"replies":[{"embeddable":true,"href":"https:\/\/www.sv-karlsdorf.de\/index.php?rest_route=%2Fwp%2Fv2%2Fcomments&post=2004"}],"version-history":[{"count":1,"href":"https:\/\/www.sv-karlsdorf.de\/index.php?rest_route=\/wp\/v2\/pages\/2004\/revisions"}],"predecessor-version":[{"id":4030,"href":"https:\/\/www.sv-karlsdorf.de\/index.php?rest_route=\/wp\/v2\/pages\/2004\/revisions\/4030"}],"wp:attachment":[{"href":"https:\/\/www.sv-karlsdorf.de\/index.php?rest_route=%2Fwp%2Fv2%2Fmedia&parent=2004"}],"curies":[{"name":"wp","href":"https:\/\/api.w.org\/{rel}","templated":true}]}}