{"id":2023,"date":"2016-12-02T19:37:12","date_gmt":"2016-12-02T19:37:12","guid":{"rendered":"http:\/\/cms.sv-karlsdorf.de\/?page_id=2023"},"modified":"2016-12-02T19:37:12","modified_gmt":"2016-12-02T19:37:12","slug":"neu_ergebniss_liga","status":"publish","type":"page","link":"https:\/\/www.sv-karlsdorf.de\/?page_id=2023","title":{"rendered":"Ligawettk\u00e4mpfe"},"content":{"rendered":"<p style=\"text-align: justify;\">Der SV Karlsdorf befindet sich im Sch\u00fctzenkreis 11 und stellt jeweils mehrere Mannschaften f\u00fcr die Ligawettk\u00e4mpfe in den Disziplinen Luftpistole und Sportpistole.<\/p>\n<p style=\"text-align: justify;\">In der <strong>Luftdruckrunde<\/strong> treten f\u00fcr den SV Karlsdorf insgesamt vier (Pistolen-)Mannschaften in den Ligawettk\u00e4mpfen an. Die erste Mannschaft k\u00e4mpft in der <a href=\"http:\/\/cms.sv-karlsdorf.de\/?page_id=2138\">Landesliga S\u00fcdwest<\/a> gegen starke Mannschaften aus Nordbaden. N\u00e4mlich gegen Teams aus den Sch\u00fctzenkreisen 10, 11 und 12. Die zweite Mannschaft schie\u00dft in der h\u00f6chsten Kreisliga des Sch\u00fctzenkreis 11 (Bruchsal), der <a href=\"http:\/\/cms.sv-karlsdorf.de\/?page_id=2135\">Kreisoberliga<\/a>. Sowohl die Wettk\u00e4mpfe der Landesliga als auch die der Kreisoberliga werden mit 5 Sch\u00fctzen pro Mannschaft ausgetragen. Karlsdorf III und IV bestreiten ihre Wettk\u00e4mpfe in der <a href=\"http:\/\/cms.sv-karlsdorf.de\/?page_id=2132\">Kreisliga A<\/a> und <a href=\"http:\/\/cms.sv-karlsdorf.de\/?page_id=2911\">B<\/a> mit nur drei Sch\u00fctzen.<\/p>\n<p style=\"text-align: justify;\"><img loading=\"lazy\" decoding=\"async\" class=\"alignnone wp-image-2283\" src=\"http:\/\/svkarlsdorf.de\/wp-content\/uploads\/2016\/12\/Schuezenkreise.png\" alt=\"schuezenkreise\" width=\"509\" height=\"393\" srcset=\"https:\/\/www.sv-karlsdorf.de\/wp-content\/uploads\/2016\/12\/Schuezenkreise.png 820w, https:\/\/www.sv-karlsdorf.de\/wp-content\/uploads\/2016\/12\/Schuezenkreise-300x232.png 300w, https:\/\/www.sv-karlsdorf.de\/wp-content\/uploads\/2016\/12\/Schuezenkreise-768x593.png 768w\" sizes=\"auto, (max-width: 509px) 100vw, 509px\" \/><\/p>\n<p style=\"text-align: justify;\">Bei der <strong>Sportpistole<\/strong> treten ebenfalls drei Mannschaften f\u00fcr unseren Verein an. &#8222;Karlsdorf I&#8220; startet in der <a href=\"http:\/\/cms.sv-karlsdorf.de\/?page_id=2698\">Landesklasse S\u00fcd<\/a>. Ein ganzes St\u00fcck tiefer, in der <a href=\"http:\/\/cms.sv-karlsdorf.de\/?page_id=2705\">Kreisklasse C<\/a> schie\u00dft unsere zweite Mannschaft. Und &#8222;Karlsdorf III&#8220; duelliert sich in der <a href=\"http:\/\/cms.sv-karlsdorf.de\/?page_id=2707\">Kreisklasse D<\/a>.<\/p>\n<p style=\"text-align: justify;\">Reihenfolge der<strong> Luftpistolenklassen<\/strong> im \u00dcberblick:<\/p>\n<ol>\n<li style=\"text-align: justify;\"><a href=\"http:\/\/bundesliga.dsb.de\/?page_id=16\">Bundesliga<\/a> S\u00fcd (S\u00fcddeutschland)<\/li>\n<li style=\"text-align: justify;\"><a href=\"http:\/\/bundesliga.dsb.de\/?page_id=16\">Bundesliga<\/a> S\u00fcdwest<\/li>\n<li style=\"text-align: justify;\">Landesoberliga (Sch\u00fctzenkreise 1-13)<\/li>\n<li style=\"text-align: justify;\"><strong>Landesliga S\u00fcdwest &#8211; (Karlsdorf I)<\/strong><\/li>\n<li style=\"text-align: justify;\"><strong>Kreisoberliga &#8211; (Karlsdorf II)<\/strong><\/li>\n<li style=\"text-align: justify;\"><strong>Kreisliga A (Karlsdorf III)<\/strong><\/li>\n<li style=\"text-align: justify;\"><strong>Kreisliga B (Karlsdorf IV)<\/strong><\/li>\n<\/ol>\n<p style=\"text-align: justify;\">Reihenfolge der <strong>Sportpistolenklassen<\/strong> im \u00dcberblick:<\/p>\n<ol>\n<li style=\"text-align: justify;\">Verbandsklasse S\u00fcd (h\u00f6chste Klasse)<\/li>\n<li style=\"text-align: justify;\"><strong>Landesklasse S\u00fcd &#8211; (Karlsdorf I)<\/strong><\/li>\n<li style=\"text-align: justify;\">Regionalklasse S\u00fcd<\/li>\n<li style=\"text-align: justify;\">Kreisklasse A<\/li>\n<li style=\"text-align: justify;\">Kreisklasse B<\/li>\n<li style=\"text-align: justify;\"><strong>Kreisklasse C &#8211; (Karlsdorf II)<\/strong><\/li>\n<li style=\"text-align: justify;\"><strong>Kreisklasse D &#8211; (Karlsdorf III)<\/strong><\/li>\n<li style=\"text-align: justify;\">&#8230;<\/li>\n<\/ol>\n<p style=\"text-align: justify;\">Wir tragen f\u00fcr Euch stets, unterteilt in die einzelnen Klassen, die aktuellen Ergebnisse der Duelle ein. Informieren Sie sich in unserem Kalender wann der n\u00e4chste Wettkampf bevorsteht und fiebern Sie mit!<\/p>\n","protected":false},"excerpt":{"rendered":"<p>Der SV Karlsdorf befindet sich im Sch\u00fctzenkreis 11 und stellt jeweils mehrere Mannschaften f\u00fcr die Ligawettk\u00e4mpfe in den Disziplinen Luftpistole und Sportpistole. In der Luftdruckrunde treten f\u00fcr den SV Karlsdorf insgesamt vier (Pistolen-)Mannschaften in den Ligawettk\u00e4mpfen an. Die erste Mannschaft k\u00e4mpft in der Landesliga S\u00fcdwest gegen starke Mannschaften aus Nordbaden. N\u00e4mlich gegen Teams aus den Sch\u00fctzenkreisen 10, 11 und 12.<\/p>\n","protected":false},"author":5,"featured_media":0,"parent":0,"menu_order":0,"comment_status":"closed","ping_status":"closed","template":"","meta":{"footnotes":""},"class_list":["post-2023","page","type-page","status-publish","hentry"],"_links":{"self":[{"href":"https:\/\/www.sv-karlsdorf.de\/index.php?rest_route=\/wp\/v2\/pages\/2023","targetHints":{"allow":["GET"]}}],"collection":[{"href":"https:\/\/www.sv-karlsdorf.de\/index.php?rest_route=\/wp\/v2\/pages"}],"about":[{"href":"https:\/\/www.sv-karlsdorf.de\/index.php?rest_route=\/wp\/v2\/types\/page"}],"author":[{"embeddable":true,"href":"https:\/\/www.sv-karlsdorf.de\/index.php?rest_route=\/wp\/v2\/users\/5"}],"replies":[{"embeddable":true,"href":"https:\/\/www.sv-karlsdorf.de\/index.php?rest_route=%2Fwp%2Fv2%2Fcomments&post=2023"}],"version-history":[{"count":0,"href":"https:\/\/www.sv-karlsdorf.de\/index.php?rest_route=\/wp\/v2\/pages\/2023\/revisions"}],"wp:attachment":[{"href":"https:\/\/www.sv-karlsdorf.de\/index.php?rest_route=%2Fwp%2Fv2%2Fmedia&parent=2023"}],"curies":[{"name":"wp","href":"https:\/\/api.w.org\/{rel}","templated":true}]}}