{"id":2263,"date":"2016-12-06T22:48:03","date_gmt":"2016-12-06T22:48:03","guid":{"rendered":"http:\/\/cms.sv-karlsdorf.de\/?page_id=2263"},"modified":"2026-03-19T19:54:14","modified_gmt":"2026-03-19T18:54:14","slug":"kontaktdaten","status":"publish","type":"page","link":"https:\/\/www.sv-karlsdorf.de\/?page_id=2263","title":{"rendered":"Kontaktdaten"},"content":{"rendered":"<h4>Hausadresse des SV Karlsdorf:<\/h4>\n<p style=\"padding-left: 30px;\">Sch\u00fctzenhaus Karlsdorf<br \/>Im Kammerforst 2<br \/>76689 Karlsdorf-Neuthard<\/p>\n<h4>Postanschrift des SV Karlsdorf<\/h4>\n<p style=\"padding-left: 30px;\">Sch\u00fctzenverein Karlsdorf<br \/>Michael Nagel<br \/>Erfurter Stra\u00dfe 2<br \/>76676 Graben-Neudorf<\/p>\n<p>oder Sie kontaktieren uns \u00fcber die untenstehenden Emailadressen<\/p>\n<h4>Die Vorstandschaft<\/h4>\n<table border=\"1\">\n<tbody>\n<tr>\n<td>Obersch\u00fctzenmeister<\/td>\n<td>Michael<\/td>\n<td>Nagel<\/td>\n<td><a href=\"mailto:michael.nagel61@web.de\">michael.nagel61@web.de<\/a><\/td>\n<\/tr>\n<tr>\n<td>Hauptkassenwart<\/td>\n<td>Bj\u00f6rn<\/td>\n<td>Gerds<\/td>\n<td><a href=\"mailto:bjoern.gerds@yahoo.co.uk\">bjoern.gerds@yahoo.co.uk<\/a><\/td>\n<\/tr>\n<tr>\n<td>Schriftf\u00fchrer<\/td>\n<td>Hermann<\/td>\n<td>Popp<\/td>\n<td><a href=\"mailto:popp-h1@web.de\">popp-h1@web.de<\/a><\/td>\n<\/tr>\n<tr>\n<td>Sportleiter<\/td>\n<td>Torsten<\/td>\n<td>Marcziniak<\/td>\n<td><a href=\"mailto:torsten.marcziniak@t-online.de\">torsten.marcziniak@t-online.de<\/a><\/td>\n<\/tr>\n<tr>\n<td>Pressereferent<\/td>\n<td>Arno<\/td>\n<td>Kramer<\/td>\n<td><a href=\"mailto:arno.kramer@kdat.de\">arno.kramer@kdat.de<\/a><\/td>\n<\/tr>\n<tr>\n<td>Jugendleiter<\/td>\n<td>Klaus<\/td>\n<td>Seeland<\/td>\n<td><a href=\"mailto:k.d.s.mopedle@web.de\">k.d.s.mopedle@web.de<\/a><\/td>\n<\/tr>\n<tr>\n<td>Referent Gewehr<\/td>\n<td>Rainer<\/td>\n<td>Huber<\/td>\n<td><a href=\"mailto:famhuber@onlinehome.de\">famhuber@onlinehome.de<\/a><\/td>\n<\/tr>\n<tr>\n<td>Referent Vorderlader<\/td>\n<td>Bj\u00f6rn<\/td>\n<td>Gerds<\/td>\n<td><a href=\"mailto:bjoern.gerds@yahoo.co.uk\">bjoern.gerds@yahoo.co.uk<\/a><\/td>\n<\/tr>\n<tr>\n<td>Damenleiterin<\/td>\n<td>Tamara<\/td>\n<td>Al-Hazzaa<\/td>\n<td><a href=\"mailto:tamara.3949@freenet.de\">tamara.3949@freenet.de<\/a><\/td>\n<\/tr>\n<tr>\n<td>2. Kassenwart<\/td>\n<td>Fabian<\/td>\n<td>Kramer<\/td>\n<td><a href=\"mailto:fabian@kdat.de\">fabian@kdat.de<\/a><\/td>\n<\/tr>\n<tr>\n<td>Referent Gro\u00dfkaliber<\/td>\n<td>Erwin<\/td>\n<td>Schmitteckert<\/td>\n<td><a href=\"mailto:erwin.schmitteckert@alice.de\">erwin.schmitteckert@alice.de<\/a><\/td>\n<\/tr>\n<tr>\n<td>Referent BDS<\/td>\n<td>Alexander<\/td>\n<td>T\u00f6gel<\/td>\n<td><a href=\"mailto:alexander.toegel@t-online.de\">alexander.toegel@t-online.de<\/a><\/td>\n<\/tr>\n<\/tbody>\n<\/table>\n<h4>Telefonnummern:<\/h4>\n<ul>\n<li>Gastst\u00e4tte im Vereinsheim : +49 7251\/4539<\/li>\n<\/ul>\n\n\n<p><\/p>\n","protected":false},"excerpt":{"rendered":"<p>Hausadresse des SV Karlsdorf: Sch\u00fctzenhaus KarlsdorfIm Kammerforst 276689 Karlsdorf-Neuthard Postanschrift des SV Karlsdorf Sch\u00fctzenverein KarlsdorfMichael NagelErfurter Stra\u00dfe 276676 Graben-Neudorf oder Sie kontaktieren uns \u00fcber die untenstehenden Emailadressen Die Vorstandschaft Obersch\u00fctzenmeister Michael Nagel michael.nagel61@web.de Hauptkassenwart Bj\u00f6rn Gerds bjoern.gerds@yahoo.co.uk Schriftf\u00fchrer Hermann Popp popp-h1@web.de Sportleiter Torsten Marcziniak torsten.marcziniak@t-online.de Pressereferent Arno Kramer arno.kramer@kdat.de Jugendleiter Klaus Seeland k.d.s.mopedle@web.de Referent Gewehr Rainer Huber famhuber@onlinehome.de Referent Vorderlader<\/p>\n","protected":false},"author":5,"featured_media":0,"parent":0,"menu_order":0,"comment_status":"closed","ping_status":"closed","template":"","meta":{"footnotes":""},"class_list":["post-2263","page","type-page","status-publish","hentry"],"_links":{"self":[{"href":"https:\/\/www.sv-karlsdorf.de\/index.php?rest_route=\/wp\/v2\/pages\/2263","targetHints":{"allow":["GET"]}}],"collection":[{"href":"https:\/\/www.sv-karlsdorf.de\/index.php?rest_route=\/wp\/v2\/pages"}],"about":[{"href":"https:\/\/www.sv-karlsdorf.de\/index.php?rest_route=\/wp\/v2\/types\/page"}],"author":[{"embeddable":true,"href":"https:\/\/www.sv-karlsdorf.de\/index.php?rest_route=\/wp\/v2\/users\/5"}],"replies":[{"embeddable":true,"href":"https:\/\/www.sv-karlsdorf.de\/index.php?rest_route=%2Fwp%2Fv2%2Fcomments&post=2263"}],"version-history":[{"count":22,"href":"https:\/\/www.sv-karlsdorf.de\/index.php?rest_route=\/wp\/v2\/pages\/2263\/revisions"}],"predecessor-version":[{"id":4613,"href":"https:\/\/www.sv-karlsdorf.de\/index.php?rest_route=\/wp\/v2\/pages\/2263\/revisions\/4613"}],"wp:attachment":[{"href":"https:\/\/www.sv-karlsdorf.de\/index.php?rest_route=%2Fwp%2Fv2%2Fmedia&parent=2263"}],"curies":[{"name":"wp","href":"https:\/\/api.w.org\/{rel}","templated":true}]}}