{"id":2292,"date":"2016-12-08T22:51:25","date_gmt":"2016-12-08T22:51:25","guid":{"rendered":"http:\/\/cms.sv-karlsdorf.de\/?page_id=2292"},"modified":"2021-07-03T16:35:31","modified_gmt":"2021-07-03T14:35:31","slug":"luftpistole","status":"publish","type":"page","link":"https:\/\/www.sv-karlsdorf.de\/?page_id=2292","title":{"rendered":"Luftpistole"},"content":{"rendered":"<p style=\"text-align: justify;\">In der <strong>Luftdruckrunde<\/strong> treten f\u00fcr den SV Karlsdorf insgesamt drei (Pistolen-)Mannschaften in den Ligawettk\u00e4mpfen an. Die erste Mannschaft k\u00e4mpft in der <a href=\".\/?page_id=2138\">Landesliga S\u00fcdwest<\/a> gegen starke Mannschaften aus Nordbaden. Die zweite Mannschaft schie\u00dft in der h\u00f6chsten Kreisliga des Sch\u00fctzenkreis 11 (Bruchsal), der <a href=\".\/?page_id=2135\">Kreisoberliga<\/a>. Sowohl die Wettk\u00e4mpfe der Landesliga als auch die der Kreisoberliga werden mit 5 Sch\u00fctzen pro Mannschaft ausgetragen. Lediglich Karlsdorf III bestreitet seine Wettk\u00e4mpfe in der <a href=\".\/?page_id=2132\">Kreisliga A<\/a> mit nur drei Sch\u00fctzen.<\/p>\n<p style=\"text-align: justify;\"><img loading=\"lazy\" decoding=\"async\" class=\"alignnone wp-image-2283\" src=\"http:\/\/svkarlsdorf.de\/wp-content\/uploads\/2016\/12\/Schuezenkreise.png\" alt=\"schuezenkreise\" width=\"509\" height=\"393\" srcset=\"https:\/\/www.sv-karlsdorf.de\/wp-content\/uploads\/2016\/12\/Schuezenkreise.png 820w, https:\/\/www.sv-karlsdorf.de\/wp-content\/uploads\/2016\/12\/Schuezenkreise-300x232.png 300w, https:\/\/www.sv-karlsdorf.de\/wp-content\/uploads\/2016\/12\/Schuezenkreise-768x593.png 768w\" sizes=\"auto, (max-width: 509px) 100vw, 509px\" \/><\/p>\n\n\n<p><\/p>\n","protected":false},"excerpt":{"rendered":"<p>In der Luftdruckrunde treten f\u00fcr den SV Karlsdorf insgesamt drei (Pistolen-)Mannschaften in den Ligawettk\u00e4mpfen an. Die erste Mannschaft k\u00e4mpft in der Landesliga S\u00fcdwest gegen starke Mannschaften aus Nordbaden. Die zweite Mannschaft schie\u00dft in der h\u00f6chsten Kreisliga des Sch\u00fctzenkreis 11 (Bruchsal), der Kreisoberliga. Sowohl die Wettk\u00e4mpfe der Landesliga als auch die der Kreisoberliga werden mit 5 Sch\u00fctzen pro Mannschaft ausgetragen. Lediglich<\/p>\n","protected":false},"author":5,"featured_media":0,"parent":0,"menu_order":0,"comment_status":"closed","ping_status":"closed","template":"","meta":{"footnotes":""},"class_list":["post-2292","page","type-page","status-publish","hentry"],"_links":{"self":[{"href":"https:\/\/www.sv-karlsdorf.de\/index.php?rest_route=\/wp\/v2\/pages\/2292","targetHints":{"allow":["GET"]}}],"collection":[{"href":"https:\/\/www.sv-karlsdorf.de\/index.php?rest_route=\/wp\/v2\/pages"}],"about":[{"href":"https:\/\/www.sv-karlsdorf.de\/index.php?rest_route=\/wp\/v2\/types\/page"}],"author":[{"embeddable":true,"href":"https:\/\/www.sv-karlsdorf.de\/index.php?rest_route=\/wp\/v2\/users\/5"}],"replies":[{"embeddable":true,"href":"https:\/\/www.sv-karlsdorf.de\/index.php?rest_route=%2Fwp%2Fv2%2Fcomments&post=2292"}],"version-history":[{"count":1,"href":"https:\/\/www.sv-karlsdorf.de\/index.php?rest_route=\/wp\/v2\/pages\/2292\/revisions"}],"predecessor-version":[{"id":3970,"href":"https:\/\/www.sv-karlsdorf.de\/index.php?rest_route=\/wp\/v2\/pages\/2292\/revisions\/3970"}],"wp:attachment":[{"href":"https:\/\/www.sv-karlsdorf.de\/index.php?rest_route=%2Fwp%2Fv2%2Fmedia&parent=2292"}],"curies":[{"name":"wp","href":"https:\/\/api.w.org\/{rel}","templated":true}]}}