{"id":2300,"date":"2016-12-08T22:59:09","date_gmt":"2016-12-08T22:59:09","guid":{"rendered":"http:\/\/cms.sv-karlsdorf.de\/?page_id=2300"},"modified":"2016-12-08T22:59:09","modified_gmt":"2016-12-08T22:59:09","slug":"sportpistole","status":"publish","type":"page","link":"https:\/\/www.sv-karlsdorf.de\/?page_id=2300","title":{"rendered":"Sportpistole"},"content":{"rendered":"<p style=\"text-align: justify;\">Bei der <strong>Sportpistole<\/strong> treten ebenfalls drei Mannschaften f\u00fcr unseren Verein an. &#8222;Karlsdorf I&#8220; startet in der Landesklasse S\u00fcd. Ein ganzes St\u00fcck tiefer, in der Kreisklasse C schie\u00dft unsere zweite Mannschaft. Und &#8222;Karlsdorf III&#8220; duelliert sich in der Kreisklasse D.<\/p>\n<p style=\"text-align: justify;\"><img loading=\"lazy\" decoding=\"async\" class=\"alignnone wp-image-2283\" src=\"http:\/\/svkarlsdorf.de\/wp-content\/uploads\/2016\/12\/Schuezenkreise.png\" alt=\"schuezenkreise\" width=\"509\" height=\"393\" srcset=\"https:\/\/www.sv-karlsdorf.de\/wp-content\/uploads\/2016\/12\/Schuezenkreise.png 820w, https:\/\/www.sv-karlsdorf.de\/wp-content\/uploads\/2016\/12\/Schuezenkreise-300x232.png 300w, https:\/\/www.sv-karlsdorf.de\/wp-content\/uploads\/2016\/12\/Schuezenkreise-768x593.png 768w\" sizes=\"auto, (max-width: 509px) 100vw, 509px\" \/><\/p>\n","protected":false},"excerpt":{"rendered":"<p>Bei der Sportpistole treten ebenfalls drei Mannschaften f\u00fcr unseren Verein an. &#8222;Karlsdorf I&#8220; startet in der Landesklasse S\u00fcd. Ein ganzes St\u00fcck tiefer, in der Kreisklasse C schie\u00dft unsere zweite Mannschaft. Und &#8222;Karlsdorf III&#8220; duelliert sich in der Kreisklasse D.<\/p>\n","protected":false},"author":5,"featured_media":0,"parent":0,"menu_order":0,"comment_status":"closed","ping_status":"closed","template":"","meta":{"footnotes":""},"class_list":["post-2300","page","type-page","status-publish","hentry"],"_links":{"self":[{"href":"https:\/\/www.sv-karlsdorf.de\/index.php?rest_route=\/wp\/v2\/pages\/2300","targetHints":{"allow":["GET"]}}],"collection":[{"href":"https:\/\/www.sv-karlsdorf.de\/index.php?rest_route=\/wp\/v2\/pages"}],"about":[{"href":"https:\/\/www.sv-karlsdorf.de\/index.php?rest_route=\/wp\/v2\/types\/page"}],"author":[{"embeddable":true,"href":"https:\/\/www.sv-karlsdorf.de\/index.php?rest_route=\/wp\/v2\/users\/5"}],"replies":[{"embeddable":true,"href":"https:\/\/www.sv-karlsdorf.de\/index.php?rest_route=%2Fwp%2Fv2%2Fcomments&post=2300"}],"version-history":[{"count":0,"href":"https:\/\/www.sv-karlsdorf.de\/index.php?rest_route=\/wp\/v2\/pages\/2300\/revisions"}],"wp:attachment":[{"href":"https:\/\/www.sv-karlsdorf.de\/index.php?rest_route=%2Fwp%2Fv2%2Fmedia&parent=2300"}],"curies":[{"name":"wp","href":"https:\/\/api.w.org\/{rel}","templated":true}]}}