{"id":2322,"date":"2016-12-13T09:12:39","date_gmt":"2016-12-13T09:12:39","guid":{"rendered":"http:\/\/cms.sv-karlsdorf.de\/?page_id=2322"},"modified":"2021-07-03T16:20:50","modified_gmt":"2021-07-03T14:20:50","slug":"luftdruck","status":"publish","type":"page","link":"https:\/\/www.sv-karlsdorf.de\/?page_id=2322","title":{"rendered":"Luftdruck"},"content":{"rendered":"<p style=\"text-align: justify;\">In den Luftdruckdisziplinen lernt jeder Sch\u00fctze die Grundlagen f\u00fcr alle anderen Disziplinen im Schie\u00dfsport. Der SV Karlsdorf verf\u00fcgt \u00fcber eine gro\u00dfe Luftdruckhalle. Bis zu einer maximalen M\u00fcndungsenergie von 7,5 Joule k\u00f6nnen hier s\u00e4mtliche Kugeldisziplinen wie beispielsweise <em>Luftpistole<\/em> und <em>Luftgewehr<\/em> geschossen werden. Dabei stehen <strong>13<\/strong> voll <strong>elektronische Treffer- und Schussbildanzeigen<\/strong> und genau so viele <strong>Scheibenzuganlagen<\/strong> zur Verf\u00fcgung. Auch an sonstiger Ausr\u00fcstung mangelt es nicht. So gibt es auch eine <strong>Fallscheibenanlage<\/strong> f\u00fcr die Disziplin <em>mehrsch\u00fcssige Luftpistole<\/em> sowie modernste Ziel\u00fcberwachungssysteme (<strong>SKAT<\/strong>). Durch ein derart modernes und vielf\u00e4ltiges Angebot an Trainingsger\u00e4ten bietet unser Verein eine sehr gute Grundlage f\u00fcr das sportliche Schie\u00dfen. A<\/p>\n<p style=\"text-align: justify;\">F\u00fcr interessierte stehen wir gerne w\u00e4hrend unserer Trainingszeiten f\u00fcr ein Gastschie\u00dfen zur Verf\u00fcgung. Auch unsere <a href=\".\/?page_id=1970\">Vereinsjugend<\/a> (ab 12 Jahren) bestreitet aktiv Meisterschaften und Wettk\u00e4mpe der Luftdruckdisziplinen und trainiert mehrmals w\u00f6chentlich.<\/p>\n","protected":false},"excerpt":{"rendered":"<p>In den Luftdruckdisziplinen lernt jeder Sch\u00fctze die Grundlagen f\u00fcr alle anderen Disziplinen im Schie\u00dfsport. Der SV Karlsdorf verf\u00fcgt \u00fcber eine gro\u00dfe Luftdruckhalle. Bis zu einer maximalen M\u00fcndungsenergie von 7,5 Joule k\u00f6nnen hier s\u00e4mtliche Kugeldisziplinen wie beispielsweise Luftpistole und Luftgewehr geschossen werden. Dabei stehen 13 voll elektronische Treffer- und Schussbildanzeigen und genau so viele Scheibenzuganlagen zur Verf\u00fcgung. Auch an sonstiger Ausr\u00fcstung<\/p>\n","protected":false},"author":5,"featured_media":0,"parent":0,"menu_order":0,"comment_status":"closed","ping_status":"closed","template":"","meta":{"footnotes":""},"class_list":["post-2322","page","type-page","status-publish","hentry"],"_links":{"self":[{"href":"https:\/\/www.sv-karlsdorf.de\/index.php?rest_route=\/wp\/v2\/pages\/2322","targetHints":{"allow":["GET"]}}],"collection":[{"href":"https:\/\/www.sv-karlsdorf.de\/index.php?rest_route=\/wp\/v2\/pages"}],"about":[{"href":"https:\/\/www.sv-karlsdorf.de\/index.php?rest_route=\/wp\/v2\/types\/page"}],"author":[{"embeddable":true,"href":"https:\/\/www.sv-karlsdorf.de\/index.php?rest_route=\/wp\/v2\/users\/5"}],"replies":[{"embeddable":true,"href":"https:\/\/www.sv-karlsdorf.de\/index.php?rest_route=%2Fwp%2Fv2%2Fcomments&post=2322"}],"version-history":[{"count":2,"href":"https:\/\/www.sv-karlsdorf.de\/index.php?rest_route=\/wp\/v2\/pages\/2322\/revisions"}],"predecessor-version":[{"id":3954,"href":"https:\/\/www.sv-karlsdorf.de\/index.php?rest_route=\/wp\/v2\/pages\/2322\/revisions\/3954"}],"wp:attachment":[{"href":"https:\/\/www.sv-karlsdorf.de\/index.php?rest_route=%2Fwp%2Fv2%2Fmedia&parent=2322"}],"curies":[{"name":"wp","href":"https:\/\/api.w.org\/{rel}","templated":true}]}}