{"id":2324,"date":"2016-12-13T09:13:58","date_gmt":"2016-12-13T09:13:58","guid":{"rendered":"http:\/\/cms.sv-karlsdorf.de\/?page_id=2324"},"modified":"2021-07-03T16:30:59","modified_gmt":"2021-07-03T14:30:59","slug":"kleinkaliber","status":"publish","type":"page","link":"https:\/\/www.sv-karlsdorf.de\/?page_id=2324","title":{"rendered":"News"},"content":{"rendered":"<p>.Lesen Sie sich noch einmal in Ruhe alle jemals da gewesenen Beitr\u00e4ge und News unserer Website durch. Sortiert in folgenden Rubriken finden Sie alle Beitr\u00e4ge von neu (oben) bis alt (unten):<img loading=\"lazy\" decoding=\"async\" class=\"alignright wp-image-2480 size-medium\" src=\"https:\/\/www.sv-karlsdorf.de\/wp-content\/uploads\/2016\/12\/news-1027876_960_720-300x300.jpg\" alt=\"\" width=\"300\" height=\"300\" srcset=\"https:\/\/www.sv-karlsdorf.de\/wp-content\/uploads\/2016\/12\/news-1027876_960_720-300x300.jpg 300w, https:\/\/www.sv-karlsdorf.de\/wp-content\/uploads\/2016\/12\/news-1027876_960_720-150x150.jpg 150w, https:\/\/www.sv-karlsdorf.de\/wp-content\/uploads\/2016\/12\/news-1027876_960_720.jpg 720w\" sizes=\"auto, (max-width: 300px) 100vw, 300px\" \/><\/p>\n<ul>\n<li>Die <a href=\".\/?page_id=2475\">News unseres Schriftf\u00fchrers<\/a><\/li>\n<li>Die <a href=\".\/?page_id=2013\">Sportlichen<\/a> Ereignisse<\/li>\n<li>Neues vom <a href=\".\/?page_id=1997\">Vereinsleben<\/a><\/li>\n<li>Alles aus der <a href=\".\/?page_id=2002\">Jugendabteilung<\/a><\/li>\n<\/ul>\n<p>Viel Spa\u00df beim Durchst\u00f6bern!<\/p>\n","protected":false},"excerpt":{"rendered":"<p>.Lesen Sie sich noch einmal in Ruhe alle jemals da gewesenen Beitr\u00e4ge und News unserer Website durch. Sortiert in folgenden Rubriken finden Sie alle Beitr\u00e4ge von neu (oben) bis alt (unten): Die News unseres Schriftf\u00fchrers Die Sportlichen Ereignisse Neues vom Vereinsleben Alles aus der Jugendabteilung Viel Spa\u00df beim Durchst\u00f6bern!<\/p>\n","protected":false},"author":5,"featured_media":0,"parent":0,"menu_order":0,"comment_status":"closed","ping_status":"closed","template":"","meta":{"footnotes":""},"class_list":["post-2324","page","type-page","status-publish","hentry"],"_links":{"self":[{"href":"https:\/\/www.sv-karlsdorf.de\/index.php?rest_route=\/wp\/v2\/pages\/2324","targetHints":{"allow":["GET"]}}],"collection":[{"href":"https:\/\/www.sv-karlsdorf.de\/index.php?rest_route=\/wp\/v2\/pages"}],"about":[{"href":"https:\/\/www.sv-karlsdorf.de\/index.php?rest_route=\/wp\/v2\/types\/page"}],"author":[{"embeddable":true,"href":"https:\/\/www.sv-karlsdorf.de\/index.php?rest_route=\/wp\/v2\/users\/5"}],"replies":[{"embeddable":true,"href":"https:\/\/www.sv-karlsdorf.de\/index.php?rest_route=%2Fwp%2Fv2%2Fcomments&post=2324"}],"version-history":[{"count":2,"href":"https:\/\/www.sv-karlsdorf.de\/index.php?rest_route=\/wp\/v2\/pages\/2324\/revisions"}],"predecessor-version":[{"id":3967,"href":"https:\/\/www.sv-karlsdorf.de\/index.php?rest_route=\/wp\/v2\/pages\/2324\/revisions\/3967"}],"wp:attachment":[{"href":"https:\/\/www.sv-karlsdorf.de\/index.php?rest_route=%2Fwp%2Fv2%2Fmedia&parent=2324"}],"curies":[{"name":"wp","href":"https:\/\/api.w.org\/{rel}","templated":true}]}}