{"id":2475,"date":"2017-02-08T16:37:37","date_gmt":"2017-02-08T16:37:37","guid":{"rendered":"http:\/\/cms.sv-karlsdorf.de\/?page_id=2475"},"modified":"2022-03-26T10:42:01","modified_gmt":"2022-03-26T09:42:01","slug":"news-unseres-schriftfuehrers","status":"publish","type":"page","link":"https:\/\/www.sv-karlsdorf.de\/?page_id=2475","title":{"rendered":"News des Schriftf\u00fchrers"},"content":{"rendered":"<ul class=\"wp-block-latest-posts__list wp-block-latest-posts\"><li><a class=\"wp-block-latest-posts__post-title\" href=\"https:\/\/www.sv-karlsdorf.de\/?p=4622\">Weitere Erfolge unserer Sch\u00fctzen bei den Kreismeisterschaften 2026<\/a><div class=\"wp-block-latest-posts__post-excerpt\">Die Kreismeisterschaften 2026 sind beendet und unsere Vereinssch\u00fctzen k\u00f6nnen zahlreiche Erfolge verbuchen. Aufgrund der Vielzahl an Disziplinen und Erfolgen, m\u00f6chten wir an dieser Stelle nur die Erstplatzierten namentlich benennen. Zweit- und Drittplatzierte begl\u00fcckw\u00fcnschen wir an dieser Stelle nat\u00fcrlich in gleicher Weise. Nun zu unseren Kreismeistern. J\u00fcrgen Schlindwein KK-Gewehr 100 m und KK 3-Stellung Jochen Lang<\/div><\/li>\n<li><a class=\"wp-block-latest-posts__post-title\" href=\"https:\/\/www.sv-karlsdorf.de\/?p=4577\">Uwe Meier \u2013 2. Deutscher Meister mit dem Ordonnanzgewehr<\/a><div class=\"wp-block-latest-posts__post-excerpt\">Am vergangenen Wochenende wurden die Deutschen Meisterschaften des Deutschen Sch\u00fctzenbundes im Ordonnanzgewehrschie\u00dfen auf dem Olympiast\u00fctzpunkt in Hannover ausgetragen. Von unserem Verein konnte sich bei den vorangegangenen Landesmeisterschaften lediglich Uwe Meier in 2 Disziplinen f\u00fcr diese Deutsche Meisterschaft qualifizieren. Mit der Fahrkarte zur Teilnahme an den Deutschen Meisterschaften begann Uwe sein\u00a0intensives Training auf unserem 100-m-Stand. Mit<\/div><\/li>\n<li><a class=\"wp-block-latest-posts__post-title\" href=\"https:\/\/www.sv-karlsdorf.de\/?p=4519\">Zweifacher Landesmeistertitel f\u00fcr unseren Verein \u2013 Tamaraund Jochen triumphieren!<\/a><div class=\"wp-block-latest-posts__post-excerpt\">Ein gro\u00dfer Erfolg f\u00fcr unseren Verein: Bei den diesj\u00e4hrigen Landesmeisterschaften konnten gleich zwei unserer Mitglieder die begehrten Titel erringen! Tamara Al-Hazza wird Landesmeisterin mit Rekordergebnis von 133 Ringen mit der Schwarzpulverpistole!In der Damenklasse setzte sich Tamara in beeindruckender Manier gegen die Konkurrenz durch. Mit einer herausragenden Leistung sicherte sie sich nicht nur den Landesmeistertitel, sondern<\/div><\/li>\n<li><a class=\"wp-block-latest-posts__post-title\" href=\"https:\/\/www.sv-karlsdorf.de\/?p=4484\">Einladung zum Faustfeuerwaffenschie\u00dfen 2025<\/a><div class=\"wp-block-latest-posts__post-excerpt\">Samstag, den 7. Juni von 14:00 bis 18:00 Uhr und Sonntag 8. Juni von 13:00 bis 17:00 Uhr auf&nbsp; der Schie\u00dfanlage des KK Sch\u00fctzenverein 1931 e.V. Hambr\u00fccken. Sehr geehrte Damen und Herren,&nbsp;&nbsp;&nbsp;&nbsp;&nbsp;&nbsp;&nbsp;&nbsp;&nbsp;&nbsp;&nbsp; liebe Faustfeuerwaffensch\u00fctzen. Der KKS Hambr\u00fccken veranstaltet an Pfingsten sein traditionelles Sch\u00fctzenfest und l\u00e4dt Sie recht herzlich zum Faustfeuerwaffenschie\u00dfen 2025 ein. Geschossen wird mit<\/div><\/li>\n<li><a class=\"wp-block-latest-posts__post-title\" href=\"https:\/\/www.sv-karlsdorf.de\/?p=4441\">Jonathan Brecht \u2013 Landessch\u00fctzenk\u00f6nig 2024<\/a><div class=\"wp-block-latest-posts__post-excerpt\">Am Samstag den 16.11.2024 fand im Harres in St. Leon-Rot traditionell der diesj\u00e4hrige Landesk\u00f6nigsball der Sch\u00fctzenkreise des Badischen Sportsch\u00fctzenverbandes statt. Er\u00f6ffnet wurde dieser durch den Einzug der einzelnen Sch\u00fctzenkreise mit ihren Vereinsstandarten und K\u00f6nigspaaren der Kreisvereine aus dem Vorjahr 2023. In feierlicher Atmosph\u00e4re begr\u00fc\u00dfte der Landessch\u00fctzenmeister und seine Abteilungsleiter die Anwesenden im voll besetztenFestsaal. Ehrungen<\/div><\/li>\n<\/ul>","protected":false},"excerpt":{"rendered":"","protected":false},"author":5,"featured_media":0,"parent":0,"menu_order":0,"comment_status":"closed","ping_status":"closed","template":"","meta":{"footnotes":""},"class_list":["post-2475","page","type-page","status-publish","hentry"],"_links":{"self":[{"href":"https:\/\/www.sv-karlsdorf.de\/index.php?rest_route=\/wp\/v2\/pages\/2475","targetHints":{"allow":["GET"]}}],"collection":[{"href":"https:\/\/www.sv-karlsdorf.de\/index.php?rest_route=\/wp\/v2\/pages"}],"about":[{"href":"https:\/\/www.sv-karlsdorf.de\/index.php?rest_route=\/wp\/v2\/types\/page"}],"author":[{"embeddable":true,"href":"https:\/\/www.sv-karlsdorf.de\/index.php?rest_route=\/wp\/v2\/users\/5"}],"replies":[{"embeddable":true,"href":"https:\/\/www.sv-karlsdorf.de\/index.php?rest_route=%2Fwp%2Fv2%2Fcomments&post=2475"}],"version-history":[{"count":3,"href":"https:\/\/www.sv-karlsdorf.de\/index.php?rest_route=\/wp\/v2\/pages\/2475\/revisions"}],"predecessor-version":[{"id":4045,"href":"https:\/\/www.sv-karlsdorf.de\/index.php?rest_route=\/wp\/v2\/pages\/2475\/revisions\/4045"}],"wp:attachment":[{"href":"https:\/\/www.sv-karlsdorf.de\/index.php?rest_route=%2Fwp%2Fv2%2Fmedia&parent=2475"}],"curies":[{"name":"wp","href":"https:\/\/api.w.org\/{rel}","templated":true}]}}